{"id":348,"date":"2020-09-01T08:22:21","date_gmt":"2020-09-01T08:22:21","guid":{"rendered":"https:\/\/startdigital.info\/?page_id=348"},"modified":"2020-09-03T07:47:24","modified_gmt":"2020-09-03T07:47:24","slug":"strategieberatung","status":"publish","type":"page","link":"https:\/\/startdigital.info\/index.php\/strategieberatung\/","title":{"rendered":"Strategieberatung"},"content":{"rendered":"\t\t<div data-elementor-type=\"wp-page\" data-elementor-id=\"348\" class=\"elementor elementor-348\">\n\t\t\t\t\t\t<div class=\"elementor-inner\">\n\t\t\t\t<div class=\"elementor-section-wrap\">\n\t\t\t\t\t\t\t\t\t<section class=\"elementor-section elementor-top-section elementor-element elementor-element-16109e74 elementor-section-boxed elementor-section-height-default elementor-section-height-default\" data-id=\"16109e74\" data-element_type=\"section\">\n\t\t\t\t\t\t<div class=\"elementor-container elementor-column-gap-default\">\n\t\t\t\t\t\t\t<div class=\"elementor-row\">\n\t\t\t\t\t<div class=\"elementor-column elementor-col-100 elementor-top-column elementor-element elementor-element-2f000604\" data-id=\"2f000604\" data-element_type=\"column\">\n\t\t\t<div class=\"elementor-column-wrap elementor-element-populated\">\n\t\t\t\t\t\t\t<div class=\"elementor-widget-wrap\">\n\t\t\t\t\t\t<div class=\"elementor-element elementor-element-70e675ca elementor-widget elementor-widget-text-editor\" data-id=\"70e675ca\" data-element_type=\"widget\" data-widget_type=\"text-editor.default\">\n\t\t\t\t<div class=\"elementor-widget-container\">\n\t\t\t\t\t\t\t\t<div class=\"elementor-text-editor elementor-clearfix\">\n\t\t\t\t<!-- wp:themeisle-blocks\/advanced-columns {\"id\":\"wp-block-themeisle-blocks-advanced-columns-e7ab3916\"} -->\n<div class=\"wp-block-themeisle-blocks-advanced-columns has-undefined-columns has-desktop-undefined-layout has-tablet-equal-layout has-mobile-equal-layout has-default-gap has-vertical-unset\" id=\"wp-block-themeisle-blocks-advanced-columns-e7ab3916\"><div class=\"wp-block-themeisle-blocks-advanced-columns-overlay\"><\/div><div class=\"innerblocks-wrap\"><\/div><\/div>\n<!-- \/wp:themeisle-blocks\/advanced-columns -->\t\t\t\t\t<\/div>\n\t\t\t\t\t\t<\/div>\n\t\t\t\t<\/div>\n\t\t\t\t\t\t<\/div>\n\t\t\t\t\t<\/div>\n\t\t<\/div>\n\t\t\t\t\t\t\t\t<\/div>\n\t\t\t\t\t<\/div>\n\t\t<\/section>\n\t\t\t\t<section class=\"elementor-section elementor-top-section elementor-element elementor-element-3fff3a0c elementor-section-content-middle elementor-section-boxed elementor-section-height-default elementor-section-height-default\" data-id=\"3fff3a0c\" data-element_type=\"section\">\n\t\t\t\t\t\t<div class=\"elementor-container elementor-column-gap-no\">\n\t\t\t\t\t\t\t<div class=\"elementor-row\">\n\t\t\t\t\t<div class=\"elementor-column elementor-col-100 elementor-top-column elementor-element elementor-element-104a9430\" data-id=\"104a9430\" data-element_type=\"column\">\n\t\t\t<div class=\"elementor-column-wrap elementor-element-populated\">\n\t\t\t\t\t\t\t<div class=\"elementor-widget-wrap\">\n\t\t\t\t\t\t<section class=\"elementor-section elementor-inner-section elementor-element elementor-element-436cde03 elementor-section-content-middle elementor-section-boxed elementor-section-height-default elementor-section-height-default\" data-id=\"436cde03\" data-element_type=\"section\">\n\t\t\t\t\t\t<div class=\"elementor-container elementor-column-gap-no\">\n\t\t\t\t\t\t\t<div class=\"elementor-row\">\n\t\t\t\t\t<div class=\"elementor-column elementor-col-50 elementor-inner-column elementor-element elementor-element-4ab99a20\" data-id=\"4ab99a20\" data-element_type=\"column\">\n\t\t\t<div class=\"elementor-column-wrap elementor-element-populated\">\n\t\t\t\t\t\t\t<div class=\"elementor-widget-wrap\">\n\t\t\t\t\t\t<div class=\"elementor-element elementor-element-31c15eac elementor-widget elementor-widget-image\" data-id=\"31c15eac\" data-element_type=\"widget\" data-widget_type=\"image.default\">\n\t\t\t\t<div class=\"elementor-widget-container\">\n\t\t\t\t\t\t\t\t<div class=\"elementor-image\">\n\t\t\t\t\t\t\t\t\t\t\t\t<img width=\"1024\" height=\"683\" src=\"https:\/\/i0.wp.com\/startdigital.info\/wp-content\/uploads\/2020\/08\/startup-593296_1920.jpg?fit=1024%2C683&amp;ssl=1\" class=\"attachment-large size-large wp-image-324\" alt=\"\" loading=\"lazy\" srcset=\"https:\/\/i0.wp.com\/startdigital.info\/wp-content\/uploads\/2020\/08\/startup-593296_1920.jpg?w=1920&amp;ssl=1 1920w, https:\/\/i0.wp.com\/startdigital.info\/wp-content\/uploads\/2020\/08\/startup-593296_1920.jpg?resize=300%2C200&amp;ssl=1 300w, https:\/\/i0.wp.com\/startdigital.info\/wp-content\/uploads\/2020\/08\/startup-593296_1920.jpg?resize=1024%2C683&amp;ssl=1 1024w, https:\/\/i0.wp.com\/startdigital.info\/wp-content\/uploads\/2020\/08\/startup-593296_1920.jpg?resize=768%2C512&amp;ssl=1 768w, https:\/\/i0.wp.com\/startdigital.info\/wp-content\/uploads\/2020\/08\/startup-593296_1920.jpg?resize=1536%2C1024&amp;ssl=1 1536w, https:\/\/i0.wp.com\/startdigital.info\/wp-content\/uploads\/2020\/08\/startup-593296_1920.jpg?resize=930%2C620&amp;ssl=1 930w\" sizes=\"(max-width: 1024px) 100vw, 1024px\" \/>\t\t\t\t\t\t\t\t\t\t\t\t\t\t<\/div>\n\t\t\t\t\t\t<\/div>\n\t\t\t\t<\/div>\n\t\t\t\t\t\t<\/div>\n\t\t\t\t\t<\/div>\n\t\t<\/div>\n\t\t\t\t<div class=\"elementor-column elementor-col-50 elementor-inner-column elementor-element elementor-element-621432d0\" data-id=\"621432d0\" data-element_type=\"column\">\n\t\t\t<div class=\"elementor-column-wrap elementor-element-populated\">\n\t\t\t\t\t\t\t<div class=\"elementor-widget-wrap\">\n\t\t\t\t\t\t<div class=\"elementor-element elementor-element-592d11c4 elementor-widget elementor-widget-heading\" data-id=\"592d11c4\" data-element_type=\"widget\" data-widget_type=\"heading.default\">\n\t\t\t\t<div class=\"elementor-widget-container\">\n\t\t\t<h2 class=\"elementor-heading-title elementor-size-default\">Status Quo Analyse<\/h2>\t\t<\/div>\n\t\t\t\t<\/div>\n\t\t\t\t<div class=\"elementor-element elementor-element-2c29fd64 elementor-widget elementor-widget-text-editor\" data-id=\"2c29fd64\" data-element_type=\"widget\" data-widget_type=\"text-editor.default\">\n\t\t\t\t<div class=\"elementor-widget-container\">\n\t\t\t\t\t\t\t\t<div class=\"elementor-text-editor elementor-clearfix\">\n\t\t\t\t<div class=\"et_pb_section et_pb_section_1 et_section_regular\">\n<div class=\"et_pb_row et_pb_row_0\">\n<div class=\"et_pb_column et_pb_column_4_4 et_pb_column_0  et_pb_css_mix_blend_mode_passthrough et-last-child\">\n<div class=\"et_pb_module et_pb_text et_pb_text_0  et_pb_text_align_left et_pb_bg_layout_light\">\n<div class=\"et_pb_text_inner\">\n<h3 style=\"text-align: left;\">Prozessoptimierung<\/h3>\n<p style=\"text-align: left;\">Ihre Mitarbeiter versinken in administrativer Arbeit, es bleiben kaum freie Kapazit\u00e4ten f\u00fcr die wichtigen T\u00e4tigkeiten?<\/p>\n<p style=\"text-align: left;\">Dann sollten Sie dar\u00fcber nachdenken eine Analyse, eine Re-Definition und eine damit verbundene Optimierung Ihrer Gesch\u00e4ftsprozesse in Betracht zu ziehen.<\/p>\n<p style=\"text-align: left;\">Effizientere Abl\u00e4ufe, Qualit\u00e4tssteigerung, Kostensenkung, Freiraum f\u00fcr\u00a0 die wertsch\u00f6pfenden T\u00e4tigkeiten<\/p>\n<\/div>\n<\/div>\n<div class=\"et_pb_module et_pb_text et_pb_text_1  et_pb_text_align_left et_pb_bg_layout_light\">\n<div class=\"et_pb_text_inner\">\n<p style=\"text-align: left;\">Wir analysieren zun\u00e4chst den Status-Quo der vorhandenen Gesch\u00e4fts &amp; Kernprozesse<\/p>\n<\/div>\n<\/div>\n<\/div>\n<\/div>\n<\/div>\t\t\t\t\t<\/div>\n\t\t\t\t\t\t<\/div>\n\t\t\t\t<\/div>\n\t\t\t\t\t\t<\/div>\n\t\t\t\t\t<\/div>\n\t\t<\/div>\n\t\t\t\t\t\t\t\t<\/div>\n\t\t\t\t\t<\/div>\n\t\t<\/section>\n\t\t\t\t<section class=\"elementor-section elementor-inner-section elementor-element elementor-element-418a5efe elementor-section-content-middle elementor-reverse-mobile elementor-section-boxed elementor-section-height-default elementor-section-height-default\" data-id=\"418a5efe\" data-element_type=\"section\">\n\t\t\t\t\t\t<div class=\"elementor-container elementor-column-gap-no\">\n\t\t\t\t\t\t\t<div class=\"elementor-row\">\n\t\t\t\t\t<div class=\"elementor-column elementor-col-50 elementor-inner-column elementor-element elementor-element-3ab7beb4\" data-id=\"3ab7beb4\" data-element_type=\"column\">\n\t\t\t<div class=\"elementor-column-wrap elementor-element-populated\">\n\t\t\t\t\t\t\t<div class=\"elementor-widget-wrap\">\n\t\t\t\t\t\t<div class=\"elementor-element elementor-element-74186d91 elementor-widget elementor-widget-heading\" data-id=\"74186d91\" data-element_type=\"widget\" data-widget_type=\"heading.default\">\n\t\t\t\t<div class=\"elementor-widget-container\">\n\t\t\t<h2 class=\"elementor-heading-title elementor-size-default\">Digitale IT Strategie<\/h2>\t\t<\/div>\n\t\t\t\t<\/div>\n\t\t\t\t<div class=\"elementor-element elementor-element-51059e12 elementor-widget elementor-widget-text-editor\" data-id=\"51059e12\" data-element_type=\"widget\" data-widget_type=\"text-editor.default\">\n\t\t\t\t<div class=\"elementor-widget-container\">\n\t\t\t\t\t\t\t\t<div class=\"elementor-text-editor elementor-clearfix\">\n\t\t\t\t<div class=\"fusion-text fusion-text-4\">\n<p style=\"text-align: left;\" align=\"justify\">Durch unsere tiefgreifende Analyse und nachfolgende Beratung zur Digitalisierung von Prozessen in Ihrem Unternehmen werden Mitarbeiter, Gesch\u00e4ftsmodelle und Prozessabl\u00e4ufe zukunftsorientiert ausgerichtet und f\u00fcr neue Anforderungen belastbar gemacht.<\/p>\n<p style=\"text-align: left;\" align=\"justify\">\n<\/p><\/div>\t\t\t\t\t<\/div>\n\t\t\t\t\t\t<\/div>\n\t\t\t\t<\/div>\n\t\t\t\t\t\t<\/div>\n\t\t\t\t\t<\/div>\n\t\t<\/div>\n\t\t\t\t<div class=\"elementor-column elementor-col-50 elementor-inner-column elementor-element elementor-element-188169a8\" data-id=\"188169a8\" data-element_type=\"column\">\n\t\t\t<div class=\"elementor-column-wrap elementor-element-populated\">\n\t\t\t\t\t\t\t<div class=\"elementor-widget-wrap\">\n\t\t\t\t\t\t<div class=\"elementor-element elementor-element-16a1a36a elementor-widget elementor-widget-image\" data-id=\"16a1a36a\" data-element_type=\"widget\" data-widget_type=\"image.default\">\n\t\t\t\t<div class=\"elementor-widget-container\">\n\t\t\t\t\t\t\t\t<div class=\"elementor-image\">\n\t\t\t\t\t\t\t\t\t\t\t\t<img width=\"1024\" height=\"680\" src=\"https:\/\/i1.wp.com\/startdigital.info\/wp-content\/uploads\/2020\/08\/map-4152197_1920.jpg?fit=1024%2C680&amp;ssl=1\" class=\"attachment-large size-large wp-image-163\" alt=\"\" loading=\"lazy\" srcset=\"https:\/\/i1.wp.com\/startdigital.info\/wp-content\/uploads\/2020\/08\/map-4152197_1920.jpg?w=1920&amp;ssl=1 1920w, https:\/\/i1.wp.com\/startdigital.info\/wp-content\/uploads\/2020\/08\/map-4152197_1920.jpg?resize=300%2C199&amp;ssl=1 300w, https:\/\/i1.wp.com\/startdigital.info\/wp-content\/uploads\/2020\/08\/map-4152197_1920.jpg?resize=1024%2C680&amp;ssl=1 1024w, https:\/\/i1.wp.com\/startdigital.info\/wp-content\/uploads\/2020\/08\/map-4152197_1920.jpg?resize=768%2C510&amp;ssl=1 768w, https:\/\/i1.wp.com\/startdigital.info\/wp-content\/uploads\/2020\/08\/map-4152197_1920.jpg?resize=1536%2C1020&amp;ssl=1 1536w\" sizes=\"(max-width: 1024px) 100vw, 1024px\" \/>\t\t\t\t\t\t\t\t\t\t\t\t\t\t<\/div>\n\t\t\t\t\t\t<\/div>\n\t\t\t\t<\/div>\n\t\t\t\t\t\t<\/div>\n\t\t\t\t\t<\/div>\n\t\t<\/div>\n\t\t\t\t\t\t\t\t<\/div>\n\t\t\t\t\t<\/div>\n\t\t<\/section>\n\t\t\t\t\t\t<\/div>\n\t\t\t\t\t<\/div>\n\t\t<\/div>\n\t\t\t\t\t\t\t\t<\/div>\n\t\t\t\t\t<\/div>\n\t\t<\/section>\n\t\t\t\t<section class=\"elementor-section elementor-top-section elementor-element elementor-element-7d35600c elementor-section-content-middle elementor-section-boxed elementor-section-height-default elementor-section-height-default\" data-id=\"7d35600c\" data-element_type=\"section\">\n\t\t\t\t\t\t<div class=\"elementor-container elementor-column-gap-no\">\n\t\t\t\t\t\t\t<div class=\"elementor-row\">\n\t\t\t\t\t<div class=\"elementor-column elementor-col-100 elementor-top-column elementor-element elementor-element-651c645b\" data-id=\"651c645b\" data-element_type=\"column\">\n\t\t\t<div class=\"elementor-column-wrap elementor-element-populated\">\n\t\t\t\t\t\t\t<div class=\"elementor-widget-wrap\">\n\t\t\t\t\t\t<div class=\"elementor-element elementor-element-61afbe3 elementor-widget elementor-widget-heading\" data-id=\"61afbe3\" data-element_type=\"widget\" data-widget_type=\"heading.default\">\n\t\t\t\t<div class=\"elementor-widget-container\">\n\t\t\t<h5 class=\"elementor-heading-title elementor-size-default\">Kontakt<\/h5>\t\t<\/div>\n\t\t\t\t<\/div>\n\t\t\t\t<div class=\"elementor-element elementor-element-2f4064cb elementor-widget elementor-widget-heading\" data-id=\"2f4064cb\" data-element_type=\"widget\" data-widget_type=\"heading.default\">\n\t\t\t\t<div class=\"elementor-widget-container\">\n\t\t\t<h2 class=\"elementor-heading-title elementor-size-default\">Kontaktieren Sie uns, wir beraten Sie gern<\/h2>\t\t<\/div>\n\t\t\t\t<\/div>\n\t\t\t\t<div class=\"elementor-element elementor-element-115df461 elementor-widget elementor-widget-heading\" data-id=\"115df461\" data-element_type=\"widget\" data-widget_type=\"heading.default\">\n\t\t\t\t<div class=\"elementor-widget-container\">\n\t\t\t<h4 class=\"elementor-heading-title elementor-size-default\">info@startdigital.info<\/h4>\t\t<\/div>\n\t\t\t\t<\/div>\n\t\t\t\t\t\t<\/div>\n\t\t\t\t\t<\/div>\n\t\t<\/div>\n\t\t\t\t\t\t\t\t<\/div>\n\t\t\t\t\t<\/div>\n\t\t<\/section>\n\t\t\t\t\t\t\t\t\t<\/div>\n\t\t\t<\/div>\n\t\t\t\t\t<\/div>\n\t\t","protected":false},"excerpt":{"rendered":"<p>Status Quo Analyse Prozessoptimierung Ihre Mitarbeiter versinken in administrativer Arbeit, es bleiben kaum freie Kapazit\u00e4ten f\u00fcr die wichtigen T\u00e4tigkeiten? Dann sollten Sie dar\u00fcber nachdenken eine Analyse, eine Re-Definition und eine damit verbundene Optimierung Ihrer Gesch\u00e4ftsprozesse in Betracht zu ziehen. Effizientere Abl\u00e4ufe, Qualit\u00e4tssteigerung, Kostensenkung, Freiraum f\u00fcr&nbsp; die wertsch\u00f6pfenden T\u00e4tigkeiten Wir analysieren zun\u00e4chst den Status-Quo der vorhandenen&hellip;&nbsp;<a href=\"https:\/\/startdigital.info\/index.php\/strategieberatung\/\" rel=\"bookmark\">Weiterlesen &raquo;<span class=\"screen-reader-text\">Strategieberatung<\/span><\/a><\/p>\n","protected":false},"author":1,"featured_media":0,"parent":0,"menu_order":0,"comment_status":"closed","ping_status":"closed","template":"","meta":{"neve_meta_sidebar":"full-width","neve_meta_container":"","neve_meta_enable_content_width":"on","neve_meta_content_width":100,"neve_meta_title_alignment":"","neve_meta_author_avatar":"","neve_post_elements_order":"","neve_meta_disable_header":"","neve_meta_disable_footer":"","neve_meta_disable_title":"","_themeisle_gutenberg_block_has_review":false,"spay_email":""},"_links":{"self":[{"href":"https:\/\/startdigital.info\/index.php\/wp-json\/wp\/v2\/pages\/348"}],"collection":[{"href":"https:\/\/startdigital.info\/index.php\/wp-json\/wp\/v2\/pages"}],"about":[{"href":"https:\/\/startdigital.info\/index.php\/wp-json\/wp\/v2\/types\/page"}],"author":[{"embeddable":true,"href":"https:\/\/startdigital.info\/index.php\/wp-json\/wp\/v2\/users\/1"}],"replies":[{"embeddable":true,"href":"https:\/\/startdigital.info\/index.php\/wp-json\/wp\/v2\/comments?post=348"}],"version-history":[{"count":5,"href":"https:\/\/startdigital.info\/index.php\/wp-json\/wp\/v2\/pages\/348\/revisions"}],"predecessor-version":[{"id":371,"href":"https:\/\/startdigital.info\/index.php\/wp-json\/wp\/v2\/pages\/348\/revisions\/371"}],"wp:attachment":[{"href":"https:\/\/startdigital.info\/index.php\/wp-json\/wp\/v2\/media?parent=348"}],"curies":[{"name":"wp","href":"https:\/\/api.w.org\/{rel}","templated":true}]}}