{"id":312,"date":"2020-08-17T11:52:01","date_gmt":"2020-08-17T11:52:01","guid":{"rendered":"https:\/\/startdigital.info\/?page_id=312"},"modified":"2020-09-03T07:47:14","modified_gmt":"2020-09-03T07:47:14","slug":"modern_workplace","status":"publish","type":"page","link":"https:\/\/startdigital.info\/index.php\/modern_workplace\/","title":{"rendered":"DIGITAL WORK"},"content":{"rendered":"\t\t<div data-elementor-type=\"wp-page\" data-elementor-id=\"312\" class=\"elementor elementor-312\">\n\t\t\t\t\t\t<div class=\"elementor-inner\">\n\t\t\t\t<div class=\"elementor-section-wrap\">\n\t\t\t\t\t\t\t\t\t<section class=\"elementor-section elementor-top-section elementor-element elementor-element-284445f3 elementor-section-boxed elementor-section-height-default elementor-section-height-default\" data-id=\"284445f3\" data-element_type=\"section\">\n\t\t\t\t\t\t<div class=\"elementor-container elementor-column-gap-default\">\n\t\t\t\t\t\t\t<div class=\"elementor-row\">\n\t\t\t\t\t<div class=\"elementor-column elementor-col-100 elementor-top-column elementor-element elementor-element-54f2123a\" data-id=\"54f2123a\" data-element_type=\"column\">\n\t\t\t<div class=\"elementor-column-wrap elementor-element-populated\">\n\t\t\t\t\t\t\t<div class=\"elementor-widget-wrap\">\n\t\t\t\t\t\t<div class=\"elementor-element elementor-element-25db1386 elementor-widget elementor-widget-text-editor\" data-id=\"25db1386\" data-element_type=\"widget\" data-widget_type=\"text-editor.default\">\n\t\t\t\t<div class=\"elementor-widget-container\">\n\t\t\t\t\t\t\t\t<div class=\"elementor-text-editor elementor-clearfix\">\n\t\t\t\t<!-- wp:themeisle-blocks\/advanced-columns {\"id\":\"wp-block-themeisle-blocks-advanced-columns-7d5ce3f1\",\"columns\":2,\"layout\":\"equal\",\"layoutTablet\":\"collapsedRows\",\"layoutMobile\":\"collapsedRows\",\"columnsGap\":\"nogap\",\"paddingType\":\"unlinked\",\"paddingTypeTablet\":\"unlinked\",\"paddingTypeMobile\":\"unlinked\",\"paddingTablet\":20,\"paddingMobile\":20,\"paddingTop\":150,\"paddingTopTablet\":55,\"paddingTopMobile\":0,\"paddingRight\":30,\"paddingRightTablet\":15,\"paddingRightMobile\":0,\"paddingBottom\":150,\"paddingBottomTablet\":65,\"paddingBottomMobile\":0,\"paddingLeft\":0,\"paddingLeftTablet\":15,\"paddingLeftMobile\":0,\"marginTablet\":20,\"marginMobile\":20,\"marginTop\":0,\"marginTopTablet\":0,\"marginTopMobile\":0,\"marginBottom\":0,\"marginBottomTablet\":0,\"marginBottomMobile\":0,\"columnsWidth\":1140,\"horizontalAlign\":\"center\",\"verticalAlign\":\"center\",\"align\":\"full\"} -->\n<div id=\"wp-block-themeisle-blocks-advanced-columns-7d5ce3f1\" class=\"wp-block-themeisle-blocks-advanced-columns alignfull has-2-columns has-desktop-equal-layout has-tablet-collapsedRows-layout has-mobile-collapsedRows-layout has-nogap-gap has-vertical-center\">\n<div class=\"wp-block-themeisle-blocks-advanced-columns-overlay\"><img loading=\"lazy\" class=\"alignnone wp-image-330 size-large\" src=\"https:\/\/i2.wp.com\/startdigital.info\/wp-content\/uploads\/2020\/08\/computer-2593921_1920.jpg?resize=1024%2C683&#038;ssl=1\" alt=\"\" width=\"1024\" height=\"683\" data-recalc-dims=\"1\" srcset=\"https:\/\/i2.wp.com\/startdigital.info\/wp-content\/uploads\/2020\/08\/computer-2593921_1920.jpg?w=1920&amp;ssl=1 1920w, https:\/\/i2.wp.com\/startdigital.info\/wp-content\/uploads\/2020\/08\/computer-2593921_1920.jpg?resize=300%2C200&amp;ssl=1 300w, https:\/\/i2.wp.com\/startdigital.info\/wp-content\/uploads\/2020\/08\/computer-2593921_1920.jpg?resize=1024%2C683&amp;ssl=1 1024w, https:\/\/i2.wp.com\/startdigital.info\/wp-content\/uploads\/2020\/08\/computer-2593921_1920.jpg?resize=768%2C512&amp;ssl=1 768w, https:\/\/i2.wp.com\/startdigital.info\/wp-content\/uploads\/2020\/08\/computer-2593921_1920.jpg?resize=1536%2C1024&amp;ssl=1 1536w, https:\/\/i2.wp.com\/startdigital.info\/wp-content\/uploads\/2020\/08\/computer-2593921_1920.jpg?resize=930%2C620&amp;ssl=1 930w\" sizes=\"(max-width: 1024px) 100vw, 1024px\" \/><\/div>\n<div class=\"innerblocks-wrap\"><!-- wp:themeisle-blocks\/advanced-column {\"id\":\"wp-block-themeisle-blocks-advanced-column-2ad349f0\",\"paddingType\":\"unlinked\",\"paddingTablet\":0,\"paddingMobile\":0,\"paddingTop\":0,\"paddingTopTablet\":20,\"paddingTopMobile\":20,\"paddingRight\":0,\"paddingRightTablet\":20,\"paddingRightMobile\":20,\"paddingBottom\":0,\"paddingBottomTablet\":20,\"paddingBottomMobile\":20,\"paddingLeft\":0,\"paddingLeftTablet\":20,\"paddingLeftMobile\":20,\"marginTablet\":20,\"marginMobile\":0,\"marginTop\":0,\"marginTopTablet\":0,\"marginTopMobile\":0,\"marginRightTablet\":0,\"marginRightMobile\":0,\"marginBottom\":0,\"marginBottomTablet\":0,\"marginBottomMobile\":0,\"marginLeftTablet\":0,\"marginLeftMobile\":0,\"columnWidth\":\"50\"} -->\n<div id=\"wp-block-themeisle-blocks-advanced-column-2ad349f0\" class=\"wp-block-themeisle-blocks-advanced-column\"><!-- wp:themeisle-blocks\/advanced-columns {\"id\":\"wp-block-themeisle-blocks-advanced-columns-a0c08034\",\"columns\":1,\"layout\":\"equal\",\"padding\":0,\"paddingTablet\":0,\"paddingMobile\":0,\"paddingTopTablet\":20,\"paddingTopMobile\":20,\"paddingRightTablet\":20,\"paddingRightMobile\":20,\"paddingBottomTablet\":20,\"paddingBottomMobile\":20,\"paddingLeftTablet\":20,\"paddingLeftMobile\":20,\"marginTablet\":20,\"marginMobile\":20,\"marginTop\":0,\"marginTopTablet\":0,\"marginTopMobile\":0,\"marginBottom\":0,\"marginBottomTablet\":0,\"marginBottomMobile\":0,\"hideTablet\":true,\"hideMobile\":true} -->\n<div id=\"wp-block-themeisle-blocks-advanced-columns-a0c08034\" class=\"wp-block-themeisle-blocks-advanced-columns has-1-columns has-desktop-equal-layout hide-in-tablet hide-in-mobile has-default-gap has-vertical-unset\">\n<div class=\"wp-block-themeisle-blocks-advanced-columns-overlay\">\u00a0<\/div>\n<div class=\"innerblocks-wrap\"><!-- wp:themeisle-blocks\/advanced-column {\"id\":\"wp-block-themeisle-blocks-advanced-column-65daad3c\",\"padding\":0,\"paddingTablet\":0,\"paddingMobile\":0,\"paddingTopTablet\":20,\"paddingTopMobile\":20,\"paddingRightTablet\":20,\"paddingRightMobile\":20,\"paddingBottomTablet\":20,\"paddingBottomMobile\":20,\"paddingLeftTablet\":20,\"paddingLeftMobile\":20,\"marginTablet\":20,\"marginMobile\":20,\"marginTop\":0,\"marginTopTablet\":0,\"marginTopMobile\":0,\"marginRightTablet\":0,\"marginRightMobile\":0,\"marginBottom\":0,\"marginBottomTablet\":0,\"marginBottomMobile\":0,\"marginLeftTablet\":0,\"marginLeftMobile\":0,\"columnWidth\":\"100\"} -->\n<div id=\"wp-block-themeisle-blocks-advanced-column-65daad3c\" class=\"wp-block-themeisle-blocks-advanced-column\"><!-- wp:image {\"align\":\"center\",\"id\":167,\"width\":630,\"height\":945} -->\n<div class=\"wp-block-image\">\u00a0<\/div>\n<!-- \/wp:image --><\/div>\n<!-- \/wp:themeisle-blocks\/advanced-column --><\/div>\n<\/div>\n<!-- \/wp:themeisle-blocks\/advanced-columns --><\/div>\n<!-- \/wp:themeisle-blocks\/advanced-column --><!-- wp:themeisle-blocks\/advanced-column {\"id\":\"wp-block-themeisle-blocks-advanced-column-0a55c5dd\",\"paddingType\":\"unlinked\",\"paddingTypeTablet\":\"unlinked\",\"paddingTypeMobile\":\"unlinked\",\"paddingTablet\":20,\"paddingMobile\":20,\"paddingTop\":0,\"paddingTopTablet\":0,\"paddingTopMobile\":0,\"paddingRight\":0,\"paddingRightTablet\":0,\"paddingRightMobile\":0,\"paddingBottom\":50,\"paddingBottomTablet\":50,\"paddingBottomMobile\":50,\"paddingLeft\":0,\"paddingLeftTablet\":0,\"paddingLeftMobile\":0,\"marginTablet\":20,\"marginMobile\":20,\"marginTop\":0,\"marginTopTablet\":20,\"marginTopMobile\":0,\"marginRightTablet\":0,\"marginRightMobile\":0,\"marginBottom\":0,\"marginBottomTablet\":0,\"marginBottomMobile\":0,\"marginLeft\":-30,\"marginLeftTablet\":1,\"marginLeftMobile\":1,\"backgroundColor\":\"#ffffff\",\"borderType\":\"unlinked\",\"borderBottom\":3,\"borderColor\":\"#38c695\",\"boxShadow\":true,\"boxShadowColorOpacity\":8,\"boxShadowBlur\":10,\"boxShadowHorizontal\":1,\"boxShadowVertical\":1,\"columnWidth\":\"50\",\"className\":\"neve-about-content\"} -->\n<div id=\"wp-block-themeisle-blocks-advanced-column-0a55c5dd\" class=\"wp-block-themeisle-blocks-advanced-column neve-about-content\"><!-- wp:themeisle-blocks\/advanced-heading {\"id\":\"wp-block-themeisle-blocks-advanced-heading-367b3e89\",\"tag\":\"div\",\"align\":\"left\",\"alignTablet\":\"center\",\"alignMobile\":\"center\",\"headingColor\":\"#ebebeb\",\"highlightColor\":\"#ebebeb\",\"fontSize\":273,\"fontFamily\":\"Poppins\",\"fontVariant\":\"700\",\"lineHeight\":200,\"paddingType\":\"unlinked\",\"paddingTypeTablet\":\"unlinked\",\"paddingTypeMobile\":\"unlinked\",\"paddingTablet\":0,\"paddingMobile\":0,\"paddingTop\":30,\"paddingTopTablet\":30,\"paddingTopMobile\":30,\"paddingRightTablet\":0,\"paddingRightMobile\":0,\"paddingBottomTablet\":0,\"paddingBottomMobile\":0,\"paddingLeft\":20,\"paddingLeftTablet\":0,\"paddingLeftMobile\":0,\"marginTablet\":0,\"marginMobile\":0,\"marginTopTablet\":0,\"marginTopMobile\":0,\"marginBottom\":0,\"marginBottomTablet\":25,\"marginBottomMobile\":20} --><!-- \/wp:themeisle-blocks\/advanced-heading --><!-- wp:themeisle-blocks\/advanced-heading {\"id\":\"wp-block-themeisle-blocks-advanced-heading-9d1c924e\",\"alignTablet\":\"center\",\"alignMobile\":\"center\",\"headingColor\":\"#313131\",\"fontSize\":50,\"fontSizeMobile\":31,\"fontFamily\":\"Libre Baskerville\",\"fontVariant\":\"700\",\"textTransform\":\"capitalize\",\"paddingType\":\"unlinked\",\"paddingTypeTablet\":\"unlinked\",\"paddingTypeMobile\":\"unlinked\",\"paddingTablet\":0,\"paddingMobile\":0,\"paddingTopTablet\":0,\"paddingTopMobile\":0,\"paddingRight\":70,\"paddingRightTablet\":82,\"paddingRightMobile\":30,\"paddingBottomTablet\":0,\"paddingBottomMobile\":0,\"paddingLeft\":82,\"paddingLeftTablet\":82,\"paddingLeftMobile\":30,\"marginTablet\":0,\"marginMobile\":0,\"marginTop\":-130,\"marginTopTablet\":-150,\"marginTopMobile\":-150,\"marginBottomTablet\":25,\"marginBottomMobile\":20} -->\n<h4 class=\"h2\"><strong>Modern Workplace<\/strong><\/h4>\n<!-- \/wp:themeisle-blocks\/advanced-heading --><!-- wp:themeisle-blocks\/advanced-heading {\"id\":\"wp-block-themeisle-blocks-advanced-heading-1469156f\",\"tag\":\"p\",\"alignTablet\":\"center\",\"alignMobile\":\"center\",\"headingColor\":\"#616161\",\"fontSize\":15,\"fontFamily\":\"Poppins\",\"fontVariant\":\"regular\",\"lineHeight\":27,\"paddingType\":\"unlinked\",\"paddingTypeTablet\":\"unlinked\",\"paddingTypeMobile\":\"unlinked\",\"paddingTablet\":0,\"paddingMobile\":0,\"paddingTopTablet\":0,\"paddingTopMobile\":0,\"paddingRight\":70,\"paddingRightTablet\":82,\"paddingRightMobile\":30,\"paddingBottomTablet\":0,\"paddingBottomMobile\":0,\"paddingLeft\":82,\"paddingLeftTablet\":82,\"paddingLeftMobile\":30,\"marginTablet\":0,\"marginMobile\":0,\"marginTopTablet\":0,\"marginTopMobile\":0,\"marginBottomTablet\":25,\"marginBottomMobile\":0} -->\n<h2 class=\"h2\"><strong>Potentiale entdecken.<\/strong><\/h2>\n<h4 class=\"h4\">Steigern Sie Ihre Produktivit\u00e4t und st\u00e4rken Sie Ihre Kunden-&amp; Mitarbeiterbindung.<\/h4>\n<p class=\"h4\">Digital Workplace zur entscheidenden Voraussetzung,\u00a0 f\u00fcr kollaboratives und kundenzentriertes Arbeiten:<\/p>\n<ul>\n<li>standortunabh\u00e4ngigen Zugriff auf alle Daten<\/li>\n<li>Vereinfachung von Austausch von Informationen, Inhalten und Best Practices \u00fcber verschiedene Standorte hinweg<\/li>\n<li>Schlanke Arbeitsprozesse durch Self-Services<\/li>\n<li>Informationen, Arbeitswerkzeuge und Anwendungen sind jederzeit &amp; ortsunabh\u00e4ngig verfu\u0308gbar.<\/li>\n<\/ul>\n<p>\u00a0<\/p>\n<!-- \/wp:paragraph --><\/div>\n<!-- \/wp:themeisle-blocks\/advanced-column --><\/div>\n<\/div>\n<!-- \/wp:themeisle-blocks\/advanced-columns --><!-- wp:cover {\"minHeight\":575,\"minHeightUnit\":\"px\",\"customGradient\":\"linear-gradient(135deg,rgb(249,72,72) 1%,rgb(179,22,22) 100%)\",\"contentPosition\":\"center center\",\"align\":\"wide\"} -->\n<div class=\"wp-block-cover alignwide has-background-dim has-background-gradient is-position-center-center\" style=\"background: linear-gradient(135deg,#f94848 1%,#b31616 100%); min-height: 575px;\">\n<div class=\"wp-block-cover__inner-container\"><!-- wp:columns {\"align\":\"wide\"} -->\n<div class=\"wp-block-columns alignwide\"><!-- wp:column {\"width\":12} -->\n<div class=\"wp-block-column\" style=\"flex-basis: 12%;\"><!-- wp:spacer -->\n<div class=\"wp-block-spacer\" style=\"height: 100px;\" aria-hidden=\"true\">\u00a0<\/div>\n<!-- \/wp:spacer --><\/div>\n<!-- \/wp:column --><!-- wp:column -->\n<div class=\"wp-block-column\"><!-- wp:spacer -->\n<div class=\"wp-block-spacer\" style=\"height: 100px;\" aria-hidden=\"true\">\u00a0<\/div>\n<!-- \/wp:spacer --><!-- wp:paragraph {\"align\":\"left\",\"placeholder\":\"Schreibe einen Titel\u2026\",\"style\":{\"typography\":{\"fontSize\":68,\"lineHeight\":\"1.2\"},\"color\":{\"text\":\"#fffffa\"}}} -->\n<p class=\"has-text-align-left has-text-color\" style=\"line-height: 1.2; font-size: 68px; color: #fffffa;\"><strong><span id=\"hs_cos_wrapper_body_flexible_column\" class=\"hs_cos_wrapper hs_cos_wrapper_widget_container hs_cos_wrapper_type_widget_container\" data-hs-cos-general-type=\"widget_container\" data-hs-cos-type=\"widget_container\"> \u201eNew Way of\u00a0 modern Work\u201c<\/span><\/strong><\/p>\n<!-- \/wp:paragraph --><!-- wp:buttons -->\n<div class=\"wp-block-buttons\"><!-- wp:button {\"borderRadius\":3,\"style\":{\"color\":{\"background\":\"#fffffa\",\"text\":\"#00000a\"}}} -->\n<div class=\"wp-block-button\"><a class=\"wp-block-button__link has-text-color has-background\" style=\"border-radius: 3px; background-color: #fffffa; color: #00000a;\" href=\"https:\/\/startdigital.info\/index.php\/kontakt\/\">Kontakt<\/a><\/div>\n<!-- \/wp:button --><\/div>\n<!-- \/wp:buttons --><!-- wp:spacer -->\n<div class=\"wp-block-spacer\" style=\"height: 100px;\" aria-hidden=\"true\">\u00a0<\/div>\n<!-- \/wp:spacer --><\/div>\n<!-- \/wp:column --><!-- wp:column {\"width\":12} -->\n<div class=\"wp-block-column\" style=\"flex-basis: 12%;\"><!-- wp:spacer -->\n<div class=\"wp-block-spacer\" style=\"height: 100px;\" aria-hidden=\"true\">\u00a0<\/div>\n<!-- \/wp:spacer --><\/div>\n<!-- \/wp:column --><\/div>\n<!-- \/wp:columns --><\/div>\n<\/div>\n<!-- \/wp:cover --><!-- wp:paragraph -->\n<h3>\u00a0<\/h3>\n<h3>\u00a0<\/h3>\n<p><span id=\"hs_cos_wrapper_body_flexible_column\" class=\"hs_cos_wrapper hs_cos_wrapper_widget_container hs_cos_wrapper_type_widget_container\" data-hs-cos-general-type=\"widget_container\" data-hs-cos-type=\"widget_container\">\u00a0<\/span><\/p>\n<p><!-- \/wp:themeisle-blocks\/advanced-heading --><!-- wp:paragraph --><\/p>\n<p>\u00a0<\/p>\n<!-- \/wp:paragraph -->\t\t\t\t\t<\/div>\n\t\t\t\t\t\t<\/div>\n\t\t\t\t<\/div>\n\t\t\t\t\t\t<\/div>\n\t\t\t\t\t<\/div>\n\t\t<\/div>\n\t\t\t\t\t\t\t\t<\/div>\n\t\t\t\t\t<\/div>\n\t\t<\/section>\n\t\t\t\t<section class=\"elementor-section elementor-top-section elementor-element elementor-element-5bcb28f elementor-section-boxed elementor-section-height-default elementor-section-height-default\" data-id=\"5bcb28f\" data-element_type=\"section\">\n\t\t\t\t\t\t<div class=\"elementor-container elementor-column-gap-default\">\n\t\t\t\t\t\t\t<div class=\"elementor-row\">\n\t\t\t\t\t<div class=\"elementor-column elementor-col-100 elementor-top-column elementor-element elementor-element-9278b84\" data-id=\"9278b84\" data-element_type=\"column\">\n\t\t\t<div class=\"elementor-column-wrap elementor-element-populated\">\n\t\t\t\t\t\t\t<div class=\"elementor-widget-wrap\">\n\t\t\t\t\t\t<div class=\"elementor-element elementor-element-dab35d3 elementor-widget elementor-widget-heading\" data-id=\"dab35d3\" data-element_type=\"widget\" data-widget_type=\"heading.default\">\n\t\t\t\t<div class=\"elementor-widget-container\">\n\t\t\t<h2 class=\"elementor-heading-title elementor-size-default\">\n\nOrtsungebundenen & vernetztes Arbeiten<\/h2>\t\t<\/div>\n\t\t\t\t<\/div>\n\t\t\t\t\t\t<\/div>\n\t\t\t\t\t<\/div>\n\t\t<\/div>\n\t\t\t\t\t\t\t\t<\/div>\n\t\t\t\t\t<\/div>\n\t\t<\/section>\n\t\t\t\t<section class=\"elementor-section elementor-top-section elementor-element elementor-element-d9e634e elementor-section-boxed elementor-section-height-default elementor-section-height-default\" data-id=\"d9e634e\" data-element_type=\"section\">\n\t\t\t\t\t\t<div class=\"elementor-container elementor-column-gap-default\">\n\t\t\t\t\t\t\t<div class=\"elementor-row\">\n\t\t\t\t\t<div class=\"elementor-column elementor-col-33 elementor-top-column elementor-element elementor-element-6542152\" data-id=\"6542152\" data-element_type=\"column\">\n\t\t\t<div class=\"elementor-column-wrap elementor-element-populated\">\n\t\t\t\t\t\t\t<div class=\"elementor-widget-wrap\">\n\t\t\t\t\t\t<div class=\"elementor-element elementor-element-a31aa7f elementor-position-top elementor-vertical-align-top elementor-widget elementor-widget-image-box\" data-id=\"a31aa7f\" data-element_type=\"widget\" data-widget_type=\"image-box.default\">\n\t\t\t\t<div class=\"elementor-widget-container\">\n\t\t\t<div class=\"elementor-image-box-wrapper\"><figure class=\"elementor-image-box-img\"><img width=\"300\" height=\"200\" src=\"https:\/\/i1.wp.com\/startdigital.info\/wp-content\/uploads\/2020\/08\/home-office-1867761_1920.jpg?fit=300%2C200&amp;ssl=1\" class=\"attachment-medium size-medium wp-image-327\" alt=\"\" loading=\"lazy\" srcset=\"https:\/\/i1.wp.com\/startdigital.info\/wp-content\/uploads\/2020\/08\/home-office-1867761_1920.jpg?w=1920&amp;ssl=1 1920w, https:\/\/i1.wp.com\/startdigital.info\/wp-content\/uploads\/2020\/08\/home-office-1867761_1920.jpg?resize=300%2C200&amp;ssl=1 300w, https:\/\/i1.wp.com\/startdigital.info\/wp-content\/uploads\/2020\/08\/home-office-1867761_1920.jpg?resize=1024%2C683&amp;ssl=1 1024w, https:\/\/i1.wp.com\/startdigital.info\/wp-content\/uploads\/2020\/08\/home-office-1867761_1920.jpg?resize=768%2C512&amp;ssl=1 768w, https:\/\/i1.wp.com\/startdigital.info\/wp-content\/uploads\/2020\/08\/home-office-1867761_1920.jpg?resize=1536%2C1025&amp;ssl=1 1536w, https:\/\/i1.wp.com\/startdigital.info\/wp-content\/uploads\/2020\/08\/home-office-1867761_1920.jpg?resize=930%2C620&amp;ssl=1 930w\" sizes=\"(max-width: 300px) 100vw, 300px\" \/><\/figure><div class=\"elementor-image-box-content\"><h3 class=\"elementor-image-box-title\">Microsoft 365 Integration<\/h3><p class=\"elementor-image-box-description\">Bekannte und bew\u00e4hrte Tools f\u00fcr B\u00fcro-Aufgaben (Outlook, Excel, Word, Powerpoint u.v.m)\nAutomatische Updates, sobald diese verf\u00fcgbar sind.\n\nMicrosoft 365 funktioniert ger\u00e4te\u00fcbergreifend: Arbeiten Sie am Desktop, Tablet und Smartphone.\n\nDurch OneDrive ist Ihre Arbeit in der Cloud gespeichert und somit jederzeit \u00fcberall f\u00fcr Sie verf\u00fcgbar\nDSGVO-konforme Datenverarbeitung in sicheren Rechenzentren\u200b\nDeutschsprachiger Support.<\/p><\/div><\/div>\t\t<\/div>\n\t\t\t\t<\/div>\n\t\t\t\t\t\t<\/div>\n\t\t\t\t\t<\/div>\n\t\t<\/div>\n\t\t\t\t<div class=\"elementor-column elementor-col-33 elementor-top-column elementor-element elementor-element-6993594\" data-id=\"6993594\" data-element_type=\"column\">\n\t\t\t<div class=\"elementor-column-wrap elementor-element-populated\">\n\t\t\t\t\t\t\t<div class=\"elementor-widget-wrap\">\n\t\t\t\t\t\t<div class=\"elementor-element elementor-element-50e7ed3 elementor-position-top elementor-vertical-align-top elementor-widget elementor-widget-image-box\" data-id=\"50e7ed3\" data-element_type=\"widget\" data-widget_type=\"image-box.default\">\n\t\t\t\t<div class=\"elementor-widget-container\">\n\t\t\t<div class=\"elementor-image-box-wrapper\"><figure class=\"elementor-image-box-img\"><img width=\"300\" height=\"200\" src=\"https:\/\/i0.wp.com\/startdigital.info\/wp-content\/uploads\/2020\/08\/video-conference-5162927_1920-1.jpg?fit=300%2C200&amp;ssl=1\" class=\"attachment-medium size-medium wp-image-217\" alt=\"\" loading=\"lazy\" srcset=\"https:\/\/i0.wp.com\/startdigital.info\/wp-content\/uploads\/2020\/08\/video-conference-5162927_1920-1.jpg?w=1920&amp;ssl=1 1920w, https:\/\/i0.wp.com\/startdigital.info\/wp-content\/uploads\/2020\/08\/video-conference-5162927_1920-1.jpg?resize=300%2C200&amp;ssl=1 300w, https:\/\/i0.wp.com\/startdigital.info\/wp-content\/uploads\/2020\/08\/video-conference-5162927_1920-1.jpg?resize=1024%2C683&amp;ssl=1 1024w, https:\/\/i0.wp.com\/startdigital.info\/wp-content\/uploads\/2020\/08\/video-conference-5162927_1920-1.jpg?resize=768%2C512&amp;ssl=1 768w, https:\/\/i0.wp.com\/startdigital.info\/wp-content\/uploads\/2020\/08\/video-conference-5162927_1920-1.jpg?resize=1536%2C1024&amp;ssl=1 1536w, https:\/\/i0.wp.com\/startdigital.info\/wp-content\/uploads\/2020\/08\/video-conference-5162927_1920-1.jpg?resize=930%2C620&amp;ssl=1 930w\" sizes=\"(max-width: 300px) 100vw, 300px\" \/><\/figure><div class=\"elementor-image-box-content\"><h3 class=\"elementor-image-box-title\"> Effektive Kommunikation und Kollaboration<\/h3><p class=\"elementor-image-box-description\">Microsoft Teams - Der zentrale Ort f\u00fcr Teamarbeit in Microsoft 365\n f\u00fcr Ihre Teamarbeit, basierend auf den vorhandenen Microsoft-Technologien. Somit lassen sich andere Microsoft 365-Dienste problemlos integrieren, wie z.B. Office Online, OneNote oder Planner.<\/p><\/div><\/div>\t\t<\/div>\n\t\t\t\t<\/div>\n\t\t\t\t\t\t<\/div>\n\t\t\t\t\t<\/div>\n\t\t<\/div>\n\t\t\t\t<div class=\"elementor-column elementor-col-33 elementor-top-column elementor-element elementor-element-218fa60\" data-id=\"218fa60\" data-element_type=\"column\">\n\t\t\t<div class=\"elementor-column-wrap elementor-element-populated\">\n\t\t\t\t\t\t\t<div class=\"elementor-widget-wrap\">\n\t\t\t\t\t\t<div class=\"elementor-element elementor-element-1785998 elementor-position-top elementor-vertical-align-top elementor-widget elementor-widget-image-box\" data-id=\"1785998\" data-element_type=\"widget\" data-widget_type=\"image-box.default\">\n\t\t\t\t<div class=\"elementor-widget-container\">\n\t\t\t<div class=\"elementor-image-box-wrapper\"><figure class=\"elementor-image-box-img\"><img width=\"300\" height=\"200\" src=\"https:\/\/i0.wp.com\/startdigital.info\/wp-content\/uploads\/2020\/08\/startup-593296_1920.jpg?fit=300%2C200&amp;ssl=1\" class=\"attachment-medium size-medium wp-image-324\" alt=\"\" loading=\"lazy\" srcset=\"https:\/\/i0.wp.com\/startdigital.info\/wp-content\/uploads\/2020\/08\/startup-593296_1920.jpg?w=1920&amp;ssl=1 1920w, https:\/\/i0.wp.com\/startdigital.info\/wp-content\/uploads\/2020\/08\/startup-593296_1920.jpg?resize=300%2C200&amp;ssl=1 300w, https:\/\/i0.wp.com\/startdigital.info\/wp-content\/uploads\/2020\/08\/startup-593296_1920.jpg?resize=1024%2C683&amp;ssl=1 1024w, https:\/\/i0.wp.com\/startdigital.info\/wp-content\/uploads\/2020\/08\/startup-593296_1920.jpg?resize=768%2C512&amp;ssl=1 768w, https:\/\/i0.wp.com\/startdigital.info\/wp-content\/uploads\/2020\/08\/startup-593296_1920.jpg?resize=1536%2C1024&amp;ssl=1 1536w, https:\/\/i0.wp.com\/startdigital.info\/wp-content\/uploads\/2020\/08\/startup-593296_1920.jpg?resize=930%2C620&amp;ssl=1 930w\" sizes=\"(max-width: 300px) 100vw, 300px\" \/><\/figure><div class=\"elementor-image-box-content\"><h3 class=\"elementor-image-box-title\">Prozesse konsolidieren und zentral steuern<\/h3><p class=\"elementor-image-box-description\">Auf den Weg zur digitalen  modernen Einkaufs- und Supply-Chain-Management-Organisation.\nMehr Umsatz und Kundenzufriedenheit, sowie neue Gesch\u00e4ftsmodelle mit ganzheitlichen eCommerce L\u00f6sungen generieren.<\/p><\/div><\/div>\t\t<\/div>\n\t\t\t\t<\/div>\n\t\t\t\t\t\t<\/div>\n\t\t\t\t\t<\/div>\n\t\t<\/div>\n\t\t\t\t\t\t\t\t<\/div>\n\t\t\t\t\t<\/div>\n\t\t<\/section>\n\t\t\t\t\t\t\t\t\t<\/div>\n\t\t\t<\/div>\n\t\t\t\t\t<\/div>\n\t\t","protected":false},"excerpt":{"rendered":"<p>\u00a0 \u00a0 \u00a0 \u00a0 Ortsungebundenen &#038; vernetztes Arbeiten Microsoft 365 Integration Bekannte und bew\u00e4hrte Tools f\u00fcr B\u00fcro-Aufgaben (Outlook, Excel, Word, Powerpoint u.v.m) Automatische Updates, sobald diese verf\u00fcgbar sind. Microsoft 365 funktioniert ger\u00e4te\u00fcbergreifend: Arbeiten Sie am Desktop, Tablet und Smartphone. Durch OneDrive ist Ihre Arbeit in der Cloud gespeichert und somit jederzeit \u00fcberall f\u00fcr Sie verf\u00fcgbar&hellip;&nbsp;<a href=\"https:\/\/startdigital.info\/index.php\/modern_workplace\/\" rel=\"bookmark\">Weiterlesen &raquo;<span class=\"screen-reader-text\">DIGITAL WORK<\/span><\/a><\/p>\n","protected":false},"author":1,"featured_media":0,"parent":0,"menu_order":0,"comment_status":"closed","ping_status":"closed","template":"","meta":{"neve_meta_sidebar":"full-width","neve_meta_container":"","neve_meta_enable_content_width":"on","neve_meta_content_width":100,"neve_meta_title_alignment":"","neve_meta_author_avatar":"","neve_post_elements_order":"","neve_meta_disable_header":"","neve_meta_disable_footer":"","neve_meta_disable_title":"","_themeisle_gutenberg_block_has_review":false,"spay_email":""},"_links":{"self":[{"href":"https:\/\/startdigital.info\/index.php\/wp-json\/wp\/v2\/pages\/312"}],"collection":[{"href":"https:\/\/startdigital.info\/index.php\/wp-json\/wp\/v2\/pages"}],"about":[{"href":"https:\/\/startdigital.info\/index.php\/wp-json\/wp\/v2\/types\/page"}],"author":[{"embeddable":true,"href":"https:\/\/startdigital.info\/index.php\/wp-json\/wp\/v2\/users\/1"}],"replies":[{"embeddable":true,"href":"https:\/\/startdigital.info\/index.php\/wp-json\/wp\/v2\/comments?post=312"}],"version-history":[{"count":11,"href":"https:\/\/startdigital.info\/index.php\/wp-json\/wp\/v2\/pages\/312\/revisions"}],"predecessor-version":[{"id":370,"href":"https:\/\/startdigital.info\/index.php\/wp-json\/wp\/v2\/pages\/312\/revisions\/370"}],"wp:attachment":[{"href":"https:\/\/startdigital.info\/index.php\/wp-json\/wp\/v2\/media?parent=312"}],"curies":[{"name":"wp","href":"https:\/\/api.w.org\/{rel}","templated":true}]}}