{"id":136,"date":"2020-08-06T09:52:22","date_gmt":"2020-08-06T09:52:22","guid":{"rendered":"https:\/\/startdigital.info\/?page_id=136"},"modified":"2020-08-12T12:49:37","modified_gmt":"2020-08-12T12:49:37","slug":"impressum","status":"publish","type":"page","link":"https:\/\/startdigital.info\/index.php\/impressum\/","title":{"rendered":"Impressum"},"content":{"rendered":"\t\t<div data-elementor-type=\"wp-page\" data-elementor-id=\"136\" class=\"elementor elementor-136\">\n\t\t\t\t\t\t<div class=\"elementor-inner\">\n\t\t\t\t<div class=\"elementor-section-wrap\">\n\t\t\t\t\t\t\t\t\t<section class=\"elementor-section elementor-top-section elementor-element elementor-element-57181a16 elementor-section-boxed elementor-section-height-default elementor-section-height-default\" data-id=\"57181a16\" data-element_type=\"section\">\n\t\t\t\t\t\t<div class=\"elementor-container elementor-column-gap-default\">\n\t\t\t\t\t\t\t<div class=\"elementor-row\">\n\t\t\t\t\t<div class=\"elementor-column elementor-col-100 elementor-top-column elementor-element elementor-element-2712804e\" data-id=\"2712804e\" data-element_type=\"column\">\n\t\t\t<div class=\"elementor-column-wrap elementor-element-populated\">\n\t\t\t\t\t\t\t<div class=\"elementor-widget-wrap\">\n\t\t\t\t\t\t<div class=\"elementor-element elementor-element-c7051ef elementor-widget elementor-widget-text-editor\" data-id=\"c7051ef\" data-element_type=\"widget\" data-widget_type=\"text-editor.default\">\n\t\t\t\t<div class=\"elementor-widget-container\">\n\t\t\t\t\t\t\t\t<div class=\"elementor-text-editor elementor-clearfix\">\n\t\t\t\t<!-- wp:themeisle-blocks\/advanced-columns {\"id\":\"wp-block-themeisle-blocks-advanced-columns-8d3f6fca\"} -->\n<div class=\"wp-block-themeisle-blocks-advanced-columns has-undefined-columns has-desktop-undefined-layout has-tablet-equal-layout has-mobile-equal-layout has-default-gap has-vertical-unset\" id=\"wp-block-themeisle-blocks-advanced-columns-8d3f6fca\"><div class=\"wp-block-themeisle-blocks-advanced-columns-overlay\"><\/div><div class=\"innerblocks-wrap\"><\/div><\/div>\n<!-- \/wp:themeisle-blocks\/advanced-columns -->\t\t\t\t\t<\/div>\n\t\t\t\t\t\t<\/div>\n\t\t\t\t<\/div>\n\t\t\t\t<div class=\"elementor-element elementor-element-60971b2 elementor-widget elementor-widget-text-editor\" data-id=\"60971b2\" data-element_type=\"widget\" data-widget_type=\"text-editor.default\">\n\t\t\t\t<div class=\"elementor-widget-container\">\n\t\t\t\t\t\t\t\t<div class=\"elementor-text-editor elementor-clearfix\">\n\t\t\t\t<main id=\"content\" class=\"neve-main\" role=\"main\">\n<div class=\"elementor elementor-642\" data-elementor-type=\"wp-page\" data-elementor-id=\"642\" data-elementor-settings=\"[]\">\n<div class=\"elementor-inner\">\n<div class=\"elementor-section-wrap\">\n<section class=\"elementor-element elementor-element-ade2974 elementor-section-boxed elementor-section-height-default elementor-section-height-default elementor-section elementor-top-section\" data-id=\"ade2974\" data-element_type=\"section\">\n<div class=\"elementor-container elementor-column-gap-default\">\n<div class=\"elementor-row\">\n<div class=\"elementor-element elementor-element-c54d16a elementor-column elementor-col-100 elementor-top-column\" data-id=\"c54d16a\" data-element_type=\"column\">\n<div class=\"elementor-column-wrap  elementor-element-populated\">\n<div class=\"elementor-widget-wrap\">\n<div class=\"elementor-element elementor-element-7dd5cf5 elementor-widget elementor-widget-text-editor\" data-id=\"7dd5cf5\" data-element_type=\"widget\" data-widget_type=\"text-editor.default\">\n<div class=\"elementor-widget-container\">\n<div class=\"elementor-text-editor elementor-clearfix\">\n<div id=\"content-wrapper\" class=\"main-content-wrapper\">\n<div class=\"container-fluid container--m\">\n<div class=\"container-block\">\n<div class=\"row\">\n<div id=\"content\" class=\"main-content col-xs-12\">\n<div class=\"page-content\">\n<div id=\"pg-105-0\" class=\"panel-grid panel-no-style\" data-ratio=\"1\" data-ratio-direction=\"right\" data-style=\"{&quot;background_image_attachment&quot;:false,&quot;background_display&quot;:&quot;tile&quot;,&quot;cell_alignment&quot;:&quot;flex-start&quot;}\">\n<div id=\"pgc-105-0-0\" class=\"panel-grid-cell\" data-weight=\"0.5\">\n<div id=\"panel-105-0-0-0\" class=\"so-panel widget widget_text panel-first-child panel-last-child\" data-index=\"0\" data-style=\"{&quot;background_image_attachment&quot;:false,&quot;background_display&quot;:&quot;tile&quot;}\">\n<div class=\"textwidget\">\n<div><strong>Angaben gem\u00e4\u00df \u00a7 5 TMG:<\/strong><\/div>\n<div>HS Service GmbH<\/div>\n<div>Kronst\u00e4dter Gasse 21<\/div>\n<div>51674 Wiehl<\/div>\n<div>\u00a0<\/div>\n<div><strong>Vertreten durch:<\/strong><\/div>\n<div>HS Service GmbH, vertreten duch GF Horst Schulz<\/div>\n<div>\u00a0<\/div>\n<div><strong>Kontakt:<\/strong><\/div>\n<div>Telefon: 022622085150<\/div>\n<div>Telefax: 022622085151<\/div>\n<div>E-Mail: info@kassen-king.de<\/div>\n<div>\u00a0<\/div>\n<div><strong>Registereintrag:<\/strong><\/div>\n<div>Eintragung im Handelsregister.<\/div>\n<div>Registergericht: Siegburg<\/div>\n<div>Registernummer: HRB12584<\/div>\n<div>DE291396650<\/div>\n<div>\u00a0<\/div>\n<div>\u00a0<\/div>\n<\/div>\n<\/div>\n<\/div>\n<div id=\"pgc-105-0-1\" class=\"panel-grid-cell\" data-weight=\"0.5\">\n<div id=\"panel-105-0-1-0\" class=\"so-panel widget widget_text panel-first-child panel-last-child\" data-index=\"1\" data-style=\"{&quot;background_image_attachment&quot;:false,&quot;background_display&quot;:&quot;tile&quot;}\">\n<div class=\"textwidget\">\n<div><strong>Streitschlichtung<\/strong><\/div>\n<div>Die Europ\u00e4ische Kommission stellt eine Plattform zur Online-Streitbeilegung (OS) bereit:<\/div>\n<div>http:\/\/ec.europa.eu\/consumers\/odr<\/div>\n<div>Unsere E-Mail-Adresse finden Sie oben im Impressum.<\/div>\n<div>Wir sind nicht bereit oder verpflichtet, an Streitbeilegungsverfahren vor einer<\/div>\n<div>Verbraucherschlichtungsstelle teilzunehmen.<\/div>\n<div>\u00a0<\/div>\n<div>\u00a0<\/div>\n<div>\u00a0<\/div>\n<\/div>\n<\/div>\n<\/div>\n<\/div>\n<div id=\"pg-105-1\" class=\"panel-grid panel-no-style\" data-style=\"{&quot;background_image_attachment&quot;:false,&quot;background_display&quot;:&quot;tile&quot;,&quot;cell_alignment&quot;:&quot;flex-start&quot;}\">\n<div id=\"pgc-105-1-0\" class=\"panel-grid-cell\" data-weight=\"0.5\">\n<div id=\"panel-105-1-0-0\" class=\"so-panel widget widget_text panel-first-child panel-last-child\" data-index=\"2\" data-style=\"{&quot;background_image_attachment&quot;:false,&quot;background_display&quot;:&quot;tile&quot;}\">\n<div class=\"textwidget\">\n<div><strong>Haftung f\u00fcr Inhalte<\/strong><\/div>\n<div class=\"page\" data-loaded=\"true\" data-page-number=\"1\">\n<div class=\"canvasWrapper\">\u00a0<\/div>\n<\/div>\n<div>Als Diensteanbieter sind wir gem\u00e4\u00df \u00a7 7 Abs.1 TMG f\u00fcr eigene Inhalte auf diesen Seiten nach den<\/div>\n<div>allgemeinen Gesetzen verantwortlich. Nach \u00a7\u00a7 8 bis 10 TMG sind wir als Diensteanbieter jedoch nicht<\/div>\n<div>verpflichtet, \u00fcbermittelte oder gespeicherte fremde Informationen zu \u00fcberwachen oder nach Umst\u00e4nden<\/div>\n<div>zu forschen, die auf eine rechtswidrige T\u00e4tigkeit hinweisen.<\/div>\n<div>Verpflichtungen zur Entfernung oder Sperrung der Nutzung von Informationen nach den allgemeinen<\/div>\n<div>Gesetzen bleiben hiervon unber\u00fchrt. Eine diesbez\u00fcgliche Haftung ist jedoch erst ab dem Zeitpunkt der<\/div>\n<div>Kenntnis einer konkreten Rechtsverletzung m\u00f6glich. Bei Bekanntwerden von entsprechenden<\/div>\n<div>Rechtsverletzungen werden wir diese Inhalte umgehend entfernen.<\/div>\n<div>\u00a0<\/div>\n<div><strong>Haftung f\u00fcr Links<\/strong><\/div>\n<div>\u00a0<\/div>\n<div>Unser Angebot enth\u00e4lt Links zu externen Webseiten Dritter, auf deren Inhalte wir keinen Einfluss haben.<\/div>\n<div>Deshalb k\u00f6nnen wir f\u00fcr diese fremden Inhalte auch keine Gew\u00e4hr \u00fcbernehmen. F\u00fcr die Inhalte der<\/div>\n<div>verlinkten Seiten ist stets der jeweilige Anbieter oder Betreiber der Seiten verantwortlich. Die verlinkten<\/div>\n<div>Seiten wurden zum Zeitpunkt der Verlinkung auf m\u00f6gliche Rechtsverst\u00f6\u00dfe \u00fcberpr\u00fcft. Rechtswidrige<\/div>\n<div>Inhalte waren zum Zeitpunkt der Verlinkung nicht erkennbar.<\/div>\n<div>Eine permanente inhaltliche Kontrolle der verlinkten Seiten ist jedoch ohne konkrete Anhaltspunkte einer<\/div>\n<div>Rechtsverletzung nicht zumutbar. Bei Bekanntwerden von Rechtsverletzungen werden wir derartige Links<\/div>\n<div>umgehend entfernen.<\/div>\n<div>\u00a0<\/div>\n<div>\u00a0<\/div>\n<\/div>\n<\/div>\n<\/div>\n<div id=\"pgc-105-1-1\" class=\"panel-grid-cell\" data-weight=\"0.5\">\n<div id=\"panel-105-1-1-0\" class=\"so-panel widget widget_text panel-first-child panel-last-child\" data-index=\"3\" data-style=\"{&quot;background_image_attachment&quot;:false,&quot;background_display&quot;:&quot;tile&quot;}\">\n<div class=\"textwidget\">\n<div><strong>Urheberrecht<\/strong><\/div>\n<div>\u00a0<\/div>\n<div>Die durch die Seitenbetreiber erstellten Inhalte und Werke auf diesen Seiten unterliegen dem deutschen<\/div>\n<div>Urheberrecht. Die Vervielf\u00e4ltigung, Bearbeitung, Verbreitung und jede Art der Verwertung au\u00dferhalb der<\/div>\n<div>Grenzen des Urheberrechtes bed\u00fcrfen der schriftlichen Zustimmung des jeweiligen Autors bzw.<\/div>\n<div>Erstellers. Downloads und Kopien dieser Seite sind nur f\u00fcr den privaten, nicht kommerziellen Gebrauch<\/div>\n<div>gestattet.<\/div>\n<div>Soweit die Inhalte auf dieser Seite nicht vom Betreiber erstellt wurden, werden die Urheberrechte Dritter<\/div>\n<div>beachtet. Insbesondere werden Inhalte Dritter als solche gekennzeichnet. Sollten Sie trotzdem auf eine<\/div>\n<div>Urheberrechtsverletzung aufmerksam werden, bitten wir um einen entsprechenden Hinweis. Bei<\/div>\n<div>Bekanntwerden von Rechtsverletzungen werden wir derartige Inhalte umgehend entfernen.<\/div>\n<div>\u00a0<\/div>\n<div>\n<div id=\"panel-1277-0-1-2\" class=\"so-panel widget widget_sow-editor panel-last-child\" data-index=\"5\">\n<div class=\"so-widget-sow-editor so-widget-sow-editor-base\">\n<div class=\"siteorigin-widget-tinymce textwidget\">\n<p><strong>Bildmaterial<\/strong><\/p>\n<p>Die HS Service GmbH verwendet auf ihren Webseiten Bildmaterial von Fotolia, 123RF und istockphoto, sowie Bilder und Texte unserer Partner &amp; Hardwarehersteller.<\/p>\n<\/div>\n<\/div>\n<\/div>\n<\/div>\n<\/div>\n<\/div>\n<\/div>\n<\/div>\n<\/div>\n<\/div>\n<\/div>\n<\/div>\n<\/div>\n<\/div>\n<\/div>\n<\/div>\n<\/div>\n<\/div>\n<\/div>\n<\/div>\n<\/div>\n<\/div>\n<\/section>\n<\/div>\n<\/div>\n<\/div>\n<\/main><footer id=\"site-footer\" class=\"site-footer\">\n<div class=\"hfg_footer\">\n<div id=\"cb-row--footer-top\" class=\"footer--row footer-top layout-full-contained\" data-row-id=\"top\" data-show-on=\"desktop\">\n<div class=\"footer--row-inner footer-top-inner footer-content-wrap\">\n<div class=\"container\">\n<div class=\"hfg-grid nv-footer-content hfg-grid-top row--wrapper row \" data-section=\"hfg_footer_layout_top\">\n<div class=\"builder-item hfg-item-first col-3 col-md-3 col-sm-3 hfg-item-left hfg-item-v-middle\">\n<div class=\"item--inner builder-item--footer-one-widgets\" data-section=\"sidebar-widgets-footer-one-widgets\" data-item-id=\"footer-one-widgets\">\n<div class=\"widget-area\">\n<div id=\"text-8\" class=\"widget widget_text\">\u00a0<\/div>\n<\/div>\n<\/div>\n<\/div>\n<\/div>\n<\/div>\n<\/div>\n<\/div>\n<\/div>\n<\/footer>\t\t\t\t\t<\/div>\n\t\t\t\t\t\t<\/div>\n\t\t\t\t<\/div>\n\t\t\t\t\t\t<\/div>\n\t\t\t\t\t<\/div>\n\t\t<\/div>\n\t\t\t\t\t\t\t\t<\/div>\n\t\t\t\t\t<\/div>\n\t\t<\/section>\n\t\t\t\t\t\t\t\t\t<\/div>\n\t\t\t<\/div>\n\t\t\t\t\t<\/div>\n\t\t","protected":false},"excerpt":{"rendered":"<p>Angaben gem\u00e4\u00df \u00a7 5 TMG: HS Service GmbH Kronst\u00e4dter Gasse 21 51674 Wiehl \u00a0 Vertreten durch: HS Service GmbH, vertreten duch GF Horst Schulz \u00a0 Kontakt: Telefon: 022622085150 Telefax: 022622085151 E-Mail: info@kassen-king.de \u00a0 Registereintrag: Eintragung im Handelsregister. Registergericht: Siegburg Registernummer: HRB12584 DE291396650 \u00a0 \u00a0 Streitschlichtung Die Europ\u00e4ische Kommission stellt eine Plattform zur Online-Streitbeilegung (OS) bereit:&hellip;&nbsp;<a href=\"https:\/\/startdigital.info\/index.php\/impressum\/\" rel=\"bookmark\">Weiterlesen &raquo;<span class=\"screen-reader-text\">Impressum<\/span><\/a><\/p>\n","protected":false},"author":1,"featured_media":0,"parent":0,"menu_order":0,"comment_status":"closed","ping_status":"closed","template":"","meta":{"neve_meta_sidebar":"full-width","neve_meta_container":"","neve_meta_enable_content_width":"on","neve_meta_content_width":100,"neve_meta_title_alignment":"","neve_meta_author_avatar":"","neve_post_elements_order":"","neve_meta_disable_header":"","neve_meta_disable_footer":"","neve_meta_disable_title":"","_themeisle_gutenberg_block_has_review":false,"spay_email":""},"_links":{"self":[{"href":"https:\/\/startdigital.info\/index.php\/wp-json\/wp\/v2\/pages\/136"}],"collection":[{"href":"https:\/\/startdigital.info\/index.php\/wp-json\/wp\/v2\/pages"}],"about":[{"href":"https:\/\/startdigital.info\/index.php\/wp-json\/wp\/v2\/types\/page"}],"author":[{"embeddable":true,"href":"https:\/\/startdigital.info\/index.php\/wp-json\/wp\/v2\/users\/1"}],"replies":[{"embeddable":true,"href":"https:\/\/startdigital.info\/index.php\/wp-json\/wp\/v2\/comments?post=136"}],"version-history":[{"count":2,"href":"https:\/\/startdigital.info\/index.php\/wp-json\/wp\/v2\/pages\/136\/revisions"}],"predecessor-version":[{"id":138,"href":"https:\/\/startdigital.info\/index.php\/wp-json\/wp\/v2\/pages\/136\/revisions\/138"}],"wp:attachment":[{"href":"https:\/\/startdigital.info\/index.php\/wp-json\/wp\/v2\/media?parent=136"}],"curies":[{"name":"wp","href":"https:\/\/api.w.org\/{rel}","templated":true}]}}